{"id":432,"date":"2022-06-30T16:16:18","date_gmt":"2022-06-30T21:16:18","guid":{"rendered":"https:\/\/nomorelightbills.com\/?page_id=432"},"modified":"2022-06-30T17:20:21","modified_gmt":"2022-06-30T22:20:21","slug":"solar","status":"publish","type":"page","link":"https:\/\/nomorelightbills.com\/es\/solar\/","title":{"rendered":"Solar"},"content":{"rendered":"<p>En t\u00e9rminos sencillos, la energ\u00eda solar es simplemente la capacidad de generar electricidad o energ\u00eda t\u00e9rmica a partir del sol. Los paneles solares fotovoltaicos, o sistemas FV, convierten los rayos del sol en electricidad utilizable mediante diversos m\u00e9todos, incluyendo los paneles solares fotovoltaicos. Adem\u00e1s de generar electricidad mediante energ\u00eda fotovoltaica, la energ\u00eda solar se utiliza com\u00fanmente para calentar interiores o fluidos. Para aprovechar al m\u00e1ximo la energ\u00eda solar con tecnolog\u00eda solar, se pueden instalar sistemas de agua caliente sanitaria y dise\u00f1ar edificios que utilicen calefacci\u00f3n solar pasiva.<\/p>\n\n\n\n<p>\u00bfEst\u00e1s interesado en los beneficios de la energ\u00eda solar?&nbsp;<\/p>\n\n\n\n<p>Los paneles solares residenciales, comerciales y de servicios p\u00fablicos se instalan en tres escalas. El tama\u00f1o de una propiedad residencial determina si los paneles solares deben instalarse en la azotea de las casas o en terrenos abiertos (montados en el suelo). Los paneles solares a escala residencial suelen oscilar entre 5 kilovatios (kW) y 20 kilovatios (kW). Los proyectos de energ\u00eda solar con fines comerciales son generalmente m\u00e1s grandes que los de uso residencial. Los paneles solares instalados a gran escala proporcionan a las empresas y organizaciones sin fines de lucro energ\u00eda solar in situ, independientemente de su tama\u00f1o y costo. Los sistemas solares de alta potencia utilizados por las empresas de servicios p\u00fablicos suelen ser grandes instalaciones de varios megavatios (MW).<\/p>\n\n\n\n<p>Muchos compradores de energ\u00eda solar no pueden instalarla en sus propiedades debido al costo u otros factores, pero la energ\u00eda solar comunitaria ofrece una conexi\u00f3n m\u00e1s directa con proyectos de energ\u00eda solar a gran escala. Por lo tanto, los parques solares comunitarios suelen desarrollarse en una ubicaci\u00f3n centralizada, en lugar de en las propiedades de cada cliente. En lugar de instalar paneles solares en sus propiedades, los consumidores residenciales pueden suscribirse a un proyecto solar comunitario.<\/p>\n\n\n\n<h2 class=\"wp-block-heading\">\u00bfCu\u00e1l es el funcionamiento de los paneles solares?<\/h2>\n\n\n\n<p>Normalmente, un panel solar (tambi\u00e9n llamado m\u00f3dulo solar) consta de c\u00e9lulas de silicio, una estructura met\u00e1lica, una carcasa de vidrio y cableado para transferir la electricidad. Este no metal (el \u00e1tomo #14 de la tabla peri\u00f3dica) absorbe la luz solar y la convierte en electricidad. Al interactuar con una c\u00e9lula de silicio, la luz pone en movimiento los electrones, lo que inicia un flujo de electricidad. Esto se conoce como \u00abefecto fotovoltaico\u00bb, que describe el funcionamiento de los paneles solares.<\/p>\n\n\n\n<p>Este efecto fotovoltaico se encuentra en el coraz\u00f3n de la ciencia de generar energ\u00eda con paneles solares. Edmond Becquerel lo descubri\u00f3 en 1839 y puede considerarse como una caracter\u00edstica de algunos materiales (llamados semiconductores) que les permite generar una corriente el\u00e9ctrica cuando se exponen a la luz solar.<\/p>\n\n\n\n<p>El m\u00e9todo fotovoltaico (o sistema fotovoltaico) implica los siguientes pasos principales:<\/p>\n\n\n\n<ol class=\"wp-block-list\"><li>La radiaci\u00f3n solar es absorbida por la c\u00e9lula solar fotovoltaica de silicio.<\/li><li>Cuando los rayos del sol chocan con la celda de silicio, los electrones comienzan a migrar, lo que genera un flujo de corriente el\u00e9ctrica.<\/li><li>Los cables recogen y transmiten energ\u00eda de corriente continua (CC) a un inversor solar, que la convierte en corriente alterna (CA).<\/li><\/ol>\n\n\n\n<h2 class=\"wp-block-heading\">Una breve historia de la energ\u00eda solar.<\/h2>\n\n\n\n<p>Bell Labs cre\u00f3 la primera c\u00e9lula fotovoltaica de silicio en 1954. Si bien la energ\u00eda solar ya se absorb\u00eda y transformaba en energ\u00eda \u00fatil mediante t\u00e9cnicas indirectas, no fue hasta 1954 que se convirti\u00f3 en una fuente viable para alimentar equipos durante largos periodos. Las primeras c\u00e9lulas fotovoltaicas transformaban la radiaci\u00f3n solar en electricidad con una eficiencia del 4 %; en comparaci\u00f3n, muchos paneles solares comunes hoy en d\u00eda pueden convertir la energ\u00eda del sol en energ\u00eda solar con una eficiencia del 20 %, una cifra que aumenta continuamente.<\/p>\n\n\n\n<p>A pesar de que la adopci\u00f3n de la energ\u00eda solar fue lenta al principio, diversos incentivos y leyes federales y estatales ayudaron a reducir el costo total de la energ\u00eda solar lo suficiente como para que se generalizara su adopci\u00f3n. Actualmente, la energ\u00eda solar tiene capacidad suficiente para abastecer a 11 millones de los 126 millones de hogares del pa\u00eds.<\/p>\n\n\n\n<h2 class=\"wp-block-heading\">El precio de la energ\u00eda solar<\/h2>\n\n\n\n<p class=\"has-black-color has-text-color\">El precio de la energ\u00eda solar ha disminuido significativamente junto con una mejora en la eficiencia solar. Durante la d\u00e9cada anterior, el costo de instalaci\u00f3n de paneles solares se redujo en m\u00e1s de 60%, y muchos analistas de mercado creen que los costos seguir\u00e1n disminuyendo en los pr\u00f3ximos a\u00f1os:<\/p>\n\n\n\n<p>Adem\u00e1s, seg\u00fan su lugar de residencia, muchos reembolsos e incentivos para la energ\u00eda solar pueden ayudar a reducir a\u00fan m\u00e1s su precio. El Cr\u00e9dito Fiscal a la Inversi\u00f3n (ITC) federal es uno de los incentivos m\u00e1s importantes disponibles para quienes est\u00e9n considerando adoptar la energ\u00eda solar a nivel nacional, ya que permite deducir el 26 % del costo de instalaci\u00f3n de un sistema de paneles solares de sus impuestos federales sobre la renta. Este beneficio no durar\u00e1 mucho m\u00e1s; en 2023, el ITC gubernamental se reduce a 22% y desaparece por completo para los sistemas solares residenciales en 2024.<\/p>\n\n\n\n<p>Adem\u00e1s del ITC federal, varios estados y servicios p\u00fablicos brindan beneficios adicionales (como la medici\u00f3n neta), lo que reduce a\u00fan m\u00e1s el costo de la electricidad solar.<\/p>\n\n\n\n<h2 class=\"wp-block-heading\">La luz del sol es gratuita y accesible.&nbsp;<\/h2>\n\n\n\n<p>Cualquier punto de la superficie terrestre donde la luz solar alcanza la superficie puede producir energ\u00eda solar. La energ\u00eda solar es una fuente de energ\u00eda limpia, asequible y renovable que se utiliza en casi todo el mundo. Y dado que la energ\u00eda solar se deriva del sol, constituye una fuente infinita de energ\u00eda. Las tecnolog\u00edas basadas en energ\u00edas renovables proporcionan energ\u00eda a partir de recursos ilimitados. Por ejemplo, compare la producci\u00f3n de energ\u00eda a partir de fuentes de energ\u00eda renovables con la energ\u00eda f\u00f3sil. Dado que el petr\u00f3leo, el gas y el carb\u00f3n tardaron decenas de miles de a\u00f1os en generarse, cada vez que se quema uno de estos valiosos recursos para producir energ\u00eda, se acerca un poco m\u00e1s a su agotamiento. Cuando la electricidad se produce a partir de un recurso renovable, como el viento, el sol o la energ\u00eda hidroel\u00e9ctrica, ese recurso no se agota. Siempre habr\u00e1 luz solar constante sobre la superficie de la Tierra, e incluso despu\u00e9s de haberse convertido en energ\u00eda, queda un suministro ilimitado de luz solar. Por ello, la energ\u00eda solar es, por definici\u00f3n, un recurso renovable.<\/p>\n\n\n\n<p>Si bien fuentes de energ\u00eda como el petr\u00f3leo y el gas a\u00fan representan una porci\u00f3n importante de la actual combinaci\u00f3n el\u00e9ctrica del pa\u00eds, fuentes de energ\u00eda renovables como la solar est\u00e1n asumiendo gradualmente una porci\u00f3n cada vez mayor de ese rol, siempre y cuando el costo de la energ\u00eda solar y de otras tecnolog\u00edas renovables se mantenga bajo.<\/p>\n\n\n\n<h2 class=\"wp-block-heading\">\u00bfQuieres pasarte a la energ\u00eda solar?<\/h2>\n\n\n\n<p>No existe un m\u00e9todo universal para instalar paneles solares y cambiar a una fuente de electricidad m\u00e1s ecol\u00f3gica. Para evaluar si su casa o empresa es un candidato viable para la energ\u00eda solar, hay varios aspectos que debe considerar. Al decidir si instalar energ\u00eda solar, deber\u00eda considerar al menos: &quot;\u00bfEn qu\u00e9 tipo de casa vivo? \u00bfEs de mi propiedad? \u00bfCu\u00e1nto gasto en electricidad? \u00bfEs mi tejado apto para energ\u00eda solar? \u00bfQu\u00e9 antig\u00fcedad tiene, qu\u00e9 tama\u00f1o tiene y qu\u00e9 \u00e1ngulo tiene?&quot;.<\/p>\n\n\n\n<p>La primera pregunta es quiz\u00e1s la m\u00e1s reveladora: cuanta m\u00e1s energ\u00eda consumas y m\u00e1s pagues por ella, m\u00e1s dinero ahorrar\u00e1s al cambiar a energ\u00eda solar. Adem\u00e1s, instalar energ\u00eda solar ser\u00e1 considerablemente m\u00e1s dif\u00edcil si alquilas la propiedad o vives en una vivienda multifamiliar que si eres propietario. Por \u00faltimo, un tejado con mucha luz solar directa, en buen estado y orientado al sur ser\u00eda el mejor para la energ\u00eda solar. Si alguna de estas caracter\u00edsticas no te aplica, pero aun as\u00ed te interesa la energ\u00eda solar, consulta nuestra publicaci\u00f3n sobre si la energ\u00eda solar es una buena opci\u00f3n para ti.<\/p>\n\n\n\n<h2 class=\"wp-block-heading\">Coches el\u00e9ctricos, energ\u00eda solar m\u00e1s almacenamiento de bater\u00eda y mucho m\u00e1s<\/h2>\n\n\n\n<p>La r\u00e1pida expansi\u00f3n estatal e internacional de la energ\u00eda solar tambi\u00e9n ha provocado un crecimiento paralelo en una serie de sectores vecinos. En particular, los autom\u00f3viles el\u00e9ctricos y el almacenamiento de energ\u00eda son dos industrias listas para despegar junto con la energ\u00eda solar al aumentar las fortalezas de la energ\u00eda solar.<\/p>\n\n\n\n<p>La importancia de almacenar la energ\u00eda generada pero no utilizada a lo largo del d\u00eda para su uso posterior ha aumentado debido a que los paneles solares solo pueden generar energ\u00eda durante el sol. Por ejemplo, las bater\u00edas solares pueden utilizarse para almacenar energ\u00eda y aprovecharla cuando el sol no produce tanta energ\u00eda. Adem\u00e1s, los sistemas de energ\u00eda solar con almacenamiento ofrecen otras ventajas, como seguridad energ\u00e9tica, resiliencia de la red y electricidad m\u00e1s econ\u00f3mica, y son compatibles con instalaciones de paneles solares de todos los tama\u00f1os.<\/p>\n\n\n\n<p>Otro elemento posicionado para beneficiarse de la adopci\u00f3n de la energ\u00eda solar son los autom\u00f3viles el\u00e9ctricos. Los autom\u00f3viles el\u00e9ctricos est\u00e1n destinados a desempe\u00f1ar un papel importante en la industria automotriz durante muchos a\u00f1os, ya que tienen costos operativos m\u00e1s bajos que los veh\u00edculos convencionales con motor de combusti\u00f3n interna, as\u00ed como costos de combustible e impacto ambiental reducidos. La energ\u00eda solar es una combinaci\u00f3n maravillosa para la mayor demanda de energ\u00eda provocada por el desarrollo de veh\u00edculos el\u00e9ctricos. La energ\u00eda solar directa de los paneles solares distribuidos proporciona electricidad asequible y fiable para los coches el\u00e9ctricos. La energ\u00eda solar ha sido uno de los m\u00e9todos m\u00e1s baratos, confiables y limpios para impulsar nuestro futuro el\u00e9ctrico en una era de mayor electrificaci\u00f3n dom\u00e9stica.<\/p>","protected":false},"excerpt":{"rendered":"<p>In simple terms, solar power is simply the ability to generate electricity or thermal energy from the sun. Photovoltaic solar panels, or PV systems, convert the sun&#8217;s rays into usable electricity using a variety of methods, including photovoltaic solar panels. In addition to generating electricity using photovoltaics, solar energy is commonly used to heat indoors&hellip; <a class=\"more-link\" href=\"https:\/\/nomorelightbills.com\/es\/solar\/\">Seguir leyendo <span class=\"screen-reader-text\">Solar<\/span><\/a><\/p>","protected":false},"author":1,"featured_media":0,"parent":0,"menu_order":0,"comment_status":"closed","ping_status":"closed","template":"","meta":{"footnotes":""},"class_list":["post-432","page","type-page","status-publish","hentry","entry"],"_links":{"self":[{"href":"https:\/\/nomorelightbills.com\/es\/wp-json\/wp\/v2\/pages\/432","targetHints":{"allow":["GET"]}}],"collection":[{"href":"https:\/\/nomorelightbills.com\/es\/wp-json\/wp\/v2\/pages"}],"about":[{"href":"https:\/\/nomorelightbills.com\/es\/wp-json\/wp\/v2\/types\/page"}],"author":[{"embeddable":true,"href":"https:\/\/nomorelightbills.com\/es\/wp-json\/wp\/v2\/users\/1"}],"replies":[{"embeddable":true,"href":"https:\/\/nomorelightbills.com\/es\/wp-json\/wp\/v2\/comments?post=432"}],"version-history":[{"count":23,"href":"https:\/\/nomorelightbills.com\/es\/wp-json\/wp\/v2\/pages\/432\/revisions"}],"predecessor-version":[{"id":475,"href":"https:\/\/nomorelightbills.com\/es\/wp-json\/wp\/v2\/pages\/432\/revisions\/475"}],"wp:attachment":[{"href":"https:\/\/nomorelightbills.com\/es\/wp-json\/wp\/v2\/media?parent=432"}],"curies":[{"name":"gracias","href":"https:\/\/api.w.org\/{rel}","templated":true}]}}